{"id":6419,"date":"2024-02-01T10:38:32","date_gmt":"2024-02-01T16:38:32","guid":{"rendered":"https:\/\/sequoia-connect.com\/sugerencias-anonimas\/"},"modified":"2026-02-27T12:51:11","modified_gmt":"2026-02-27T18:51:11","slug":"anonymous-suggestions","status":"publish","type":"page","link":"https:\/\/sequoia-connect.com\/es\/anonymous-suggestions\/","title":{"rendered":"Sugerencias An\u00f3nimas"},"content":{"rendered":"\t\t<div data-elementor-type=\"wp-page\" data-elementor-id=\"6419\" class=\"elementor elementor-6419 elementor-5291\" data-elementor-post-type=\"page\">\n\t\t\t\t\t\t<section class=\"elementor-section elementor-top-section elementor-element elementor-element-cb9e072 elementor-section-boxed elementor-section-height-default elementor-section-height-default\" data-id=\"cb9e072\" data-element_type=\"section\" data-e-type=\"section\" data-settings=\"{&quot;background_background&quot;:&quot;video&quot;,&quot;background_video_link&quot;:&quot;https:\\\/\\\/sequoia-connect.com\\\/wp-content\\\/uploads\\\/2024\\\/01\\\/pexels-mikhail-nilov-7682655-1080p.mp4&quot;,&quot;background_play_on_mobile&quot;:&quot;yes&quot;,&quot;background_video_start&quot;:1}\">\n\t\t\t\t\t\t\t\t<div class=\"elementor-background-video-container\">\n\t\t\t\t\t\t\t\t\t\t\t\t\t<video class=\"elementor-background-video-hosted\" role=\"presentation\" autoplay muted playsinline loop><\/video>\n\t\t\t\t\t\t\t\t\t\t\t<\/div>\n\t\t\t\t\t\t\t\t\t<div class=\"elementor-background-overlay\"><\/div>\n\t\t\t\t\t\t\t<div class=\"elementor-container elementor-column-gap-default\">\n\t\t\t\t\t<div class=\"elementor-column elementor-col-100 elementor-top-column elementor-element elementor-element-882064b\" data-id=\"882064b\" data-element_type=\"column\" data-e-type=\"column\">\n\t\t\t<div class=\"elementor-widget-wrap elementor-element-populated\">\n\t\t\t\t\t\t<div class=\"elementor-element elementor-element-bfa1cb2 de_scroll_animation_no elementor-invisible elementor-widget elementor-widget-heading\" data-id=\"bfa1cb2\" data-element_type=\"widget\" data-e-type=\"widget\" data-settings=\"{&quot;_animation&quot;:&quot;fadeInUp&quot;,&quot;_animation_delay&quot;:200}\" data-widget_type=\"heading.default\">\n\t\t\t\t<div class=\"elementor-widget-container\">\n\t\t\t\t\t<h1 class=\"elementor-heading-title elementor-size-default\">Sugerencias An\u00f3nimas<\/h1>\t\t\t\t<\/div>\n\t\t\t\t<\/div>\n\t\t\t\t<div class=\"elementor-element elementor-element-ace960d de_scroll_animation_no elementor-invisible elementor-widget elementor-widget-heading\" data-id=\"ace960d\" data-element_type=\"widget\" data-e-type=\"widget\" data-settings=\"{&quot;_animation&quot;:&quot;fadeInUp&quot;,&quot;_animation_delay&quot;:200}\" data-widget_type=\"heading.default\">\n\t\t\t\t<div class=\"elementor-widget-container\">\n\t\t\t\t\t<h1 class=\"elementor-heading-title elementor-size-default\">Plataforma de Feedback Confidencial<\/h1>\t\t\t\t<\/div>\n\t\t\t\t<\/div>\n\t\t\t\t<div class=\"elementor-element elementor-element-1489b5e de_scroll_animation_no elementor-invisible elementor-widget elementor-widget-text-editor\" data-id=\"1489b5e\" data-element_type=\"widget\" data-e-type=\"widget\" data-settings=\"{&quot;_animation&quot;:&quot;fadeInUp&quot;,&quot;_animation_delay&quot;:400}\" data-widget_type=\"text-editor.default\">\n\t\t\t\t<div class=\"elementor-widget-container\">\n\t\t\t\t\t\t\t\t\t<p>Bienvenido a <strong>Sugerencias An\u00f3nimas<\/strong>, tu destino confiable para proporcionar <strong>retroalimentaci\u00f3n confidencial y an\u00f3nima<\/strong>.<\/p>\t\t\t\t\t\t\t\t<\/div>\n\t\t\t\t<\/div>\n\t\t\t\t\t<\/div>\n\t\t<\/div>\n\t\t\t\t\t<\/div>\n\t\t<\/section>\n\t\t\t\t<section class=\"elementor-section elementor-top-section elementor-element elementor-element-7c0b5f8 elementor-reverse-mobile elementor-section-boxed elementor-section-height-default elementor-section-height-default\" data-id=\"7c0b5f8\" data-element_type=\"section\" data-e-type=\"section\" data-settings=\"{&quot;background_background&quot;:&quot;classic&quot;}\">\n\t\t\t\t\t\t<div class=\"elementor-container elementor-column-gap-default\">\n\t\t\t\t\t<div class=\"elementor-column elementor-col-100 elementor-top-column elementor-element elementor-element-972544d\" data-id=\"972544d\" data-element_type=\"column\" data-e-type=\"column\">\n\t\t\t<div class=\"elementor-widget-wrap elementor-element-populated\">\n\t\t\t\t\t\t<div class=\"elementor-element elementor-element-3a1f0ba de_scroll_animation_no elementor-invisible elementor-widget elementor-widget-heading\" data-id=\"3a1f0ba\" data-element_type=\"widget\" data-e-type=\"widget\" data-settings=\"{&quot;_animation&quot;:&quot;fadeInUp&quot;,&quot;_animation_delay&quot;:200}\" data-widget_type=\"heading.default\">\n\t\t\t\t<div class=\"elementor-widget-container\">\n\t\t\t\t\t<h2 class=\"elementor-heading-title elementor-size-default\">Completa el formulario<\/h2>\t\t\t\t<\/div>\n\t\t\t\t<\/div>\n\t\t\t\t<div class=\"elementor-element elementor-element-5dac09e de_scroll_animation_no elementor-widget elementor-widget-text-editor\" data-id=\"5dac09e\" data-element_type=\"widget\" data-e-type=\"widget\" data-widget_type=\"text-editor.default\">\n\t\t\t\t<div class=\"elementor-widget-container\">\n\t\t\t\t\t\t\t\t\t<p>Entendemos la importancia de crear un espacio seguro para que las personas compartan sus pensamientos y preocupaciones sin temor a represalias. Tu retroalimentaci\u00f3n es vital para fomentar un entorno positivo e inclusivo en nuestra organizaci\u00f3n.<\/p>\t\t\t\t\t\t\t\t<\/div>\n\t\t\t\t<\/div>\n\t\t\t\t<div class=\"elementor-element elementor-element-4440a83 elementor-button-align-stretch de_scroll_animation_no elementor-widget elementor-widget-form\" data-id=\"4440a83\" data-element_type=\"widget\" data-e-type=\"widget\" data-settings=\"{&quot;step_next_label&quot;:&quot;Siguiente&quot;,&quot;step_previous_label&quot;:&quot;Anterior&quot;,&quot;button_width&quot;:&quot;100&quot;,&quot;step_type&quot;:&quot;number_text&quot;,&quot;step_icon_shape&quot;:&quot;circle&quot;}\" data-widget_type=\"form.default\">\n\t\t\t\t<div class=\"elementor-widget-container\">\n\t\t\t\t\t\t\t<form class=\"elementor-form\" method=\"post\" name=\"Sugerencias An\u00f3nimas\" aria-label=\"Sugerencias An\u00f3nimas\">\n\t\t\t<input type=\"hidden\" name=\"post_id\" value=\"6419\"\/>\n\t\t\t<input type=\"hidden\" name=\"form_id\" value=\"4440a83\"\/>\n\t\t\t<input type=\"hidden\" name=\"referer_title\" value=\"Sugerencias An\u00f3nimas - Sequoia Connect\" \/>\n\n\t\t\t\t\t\t\t<input type=\"hidden\" name=\"queried_id\" value=\"6419\"\/>\n\t\t\t\n\t\t\t<div class=\"elementor-form-fields-wrapper elementor-labels-\">\n\t\t\t\t\t\t\t\t<div class=\"elementor-field-type-step elementor-field-group elementor-column elementor-field-group-name elementor-col-100\">\n\t\t\t\t\t\t\t<div class=\"e-field-step elementor-hidden\" data-label=\"Categor\u00eda\" data-previousButton=\"\" data-nextButton=\"Siguiente\" data-iconUrl=\"\" data-iconLibrary=\"fas fa-star\" data-icon=\"&lt;svg class=&quot;e-font-icon-svg e-fas-star&quot; viewBox=&quot;0 0 576 512&quot; xmlns=&quot;http:\/\/www.w3.org\/2000\/svg&quot;&gt;&lt;path d=&quot;M259.3 17.8L194 150.2 47.9 171.5c-26.2 3.8-36.7 36.1-17.7 54.6l105.7 103-25 145.5c-4.5 26.3 23.2 46 46.4 33.7L288 439.6l130.7 68.7c23.2 12.2 50.9-7.4 46.4-33.7l-25-145.5 105.7-103c19-18.5 8.5-50.8-17.7-54.6L382 150.2 316.7 17.8c-11.7-23.6-45.6-23.9-57.4 0z&quot;&gt;&lt;\/path&gt;&lt;\/svg&gt;\" ><\/div>\n\n\t\t\t\t\t\t<\/div>\n\t\t\t\t\t\t\t\t<div class=\"elementor-field-type-select elementor-field-group elementor-column elementor-field-group-email elementor-col-100 elementor-field-required\">\n\t\t\t\t\t\t\t\t\t\t\t\t<label for=\"form-field-email\" class=\"elementor-field-label elementor-screen-only\">\n\t\t\t\t\t\t\t\tSelecciona una categor\u00eda\t\t\t\t\t\t\t<\/label>\n\t\t\t\t\t\t\t\t<div class=\"elementor-field elementor-select-wrapper remove-before \">\n\t\t\t<div class=\"select-caret-down-wrapper\">\n\t\t\t\t<svg aria-hidden=\"true\" class=\"e-font-icon-svg e-eicon-caret-down\" viewBox=\"0 0 571.4 571.4\" xmlns=\"http:\/\/www.w3.org\/2000\/svg\"><path d=\"M571 393Q571 407 561 418L311 668Q300 679 286 679T261 668L11 418Q0 407 0 393T11 368 36 357H536Q550 357 561 368T571 393Z\"><\/path><\/svg>\t\t\t<\/div>\n\t\t\t<select name=\"form_fields[email]\" id=\"form-field-email\" class=\"elementor-field-textual elementor-size-sm\" required=\"required\">\n\t\t\t\t\t\t\t\t\t<option value=\"Diversidad e Inclusi\u00f3n\">Diversidad e Inclusi\u00f3n<\/option>\n\t\t\t\t\t\t\t\t\t<option value=\"Sostenibilidad del medio ambiente\">Sostenibilidad del medio ambiente<\/option>\n\t\t\t\t\t\t\t\t\t<option value=\"Ideas de Innovaci\u00f3n\">Ideas de Innovaci\u00f3n<\/option>\n\t\t\t\t\t\t\t\t\t<option value=\"Bienestar de los empleados\">Bienestar de los empleados<\/option>\n\t\t\t\t\t\t\t\t\t<option value=\"Mejora de procesos\">Mejora de procesos<\/option>\n\t\t\t\t\t\t\t\t\t<option value=\"Mejora de la comunicaci\u00f3n\">Mejora de la comunicaci\u00f3n<\/option>\n\t\t\t\t\t\t\t\t\t<option value=\"Formaci\u00f3n y desarrollo\">Formaci\u00f3n y desarrollo<\/option>\n\t\t\t\t\t\t\t\t\t<option value=\"Reconocimiento y recompensas\">Reconocimiento y recompensas<\/option>\n\t\t\t\t\t\t\t\t\t<option value=\"Lugar de trabajo seguro\">Lugar de trabajo seguro<\/option>\n\t\t\t\t\t\t\t\t\t<option value=\"Company Culture\">Company Culture<\/option>\n\t\t\t\t\t\t\t\t\t<option value=\"Balance Laboral\">Balance Laboral<\/option>\n\t\t\t\t\t\t\t\t\t<option value=\"Servicio al Cliente\">Servicio al Cliente<\/option>\n\t\t\t\t\t\t\t\t\t<option value=\"\u00c9tica y Cumplimiento\">\u00c9tica y Cumplimiento<\/option>\n\t\t\t\t\t\t\t\t\t<option value=\"Optimizaci\u00f3n de recursos\">Optimizaci\u00f3n de recursos<\/option>\n\t\t\t\t\t\t\t\t\t<option value=\"Colaboraci\u00f3n en equipo\">Colaboraci\u00f3n en equipo<\/option>\n\t\t\t\t\t\t\t\t\t<option value=\"Sugerencias de trabajo remoto\">Sugerencias de trabajo remoto<\/option>\n\t\t\t\t\t\t\t\t\t<option value=\"Sugerencias\">Sugerencias<\/option>\n\t\t\t\t\t\t\t\t\t<option value=\"Preocupaciones\">Preocupaciones<\/option>\n\t\t\t\t\t\t\t\t\t<option value=\"Acoso\">Acoso<\/option>\n\t\t\t\t\t\t\t\t\t<option value=\"Mala conducta\">Mala conducta<\/option>\n\t\t\t\t\t\t\t\t\t<option value=\"Otros\">Otros<\/option>\n\t\t\t\t\t\t\t<\/select>\n\t\t<\/div>\n\t\t\t\t\t\t<\/div>\n\t\t\t\t\t\t\t\t<div class=\"elementor-field-type-step elementor-field-group elementor-column elementor-field-group-field_377fbb2 elementor-col-100\">\n\t\t\t\t\t\t\t<div class=\"e-field-step elementor-hidden\" data-label=\"Nombre\" data-previousButton=\"\" data-nextButton=\"\" data-iconUrl=\"\" data-iconLibrary=\"fas fa-star\" data-icon=\"&lt;svg class=&quot;e-font-icon-svg e-fas-star&quot; viewBox=&quot;0 0 576 512&quot; xmlns=&quot;http:\/\/www.w3.org\/2000\/svg&quot;&gt;&lt;path d=&quot;M259.3 17.8L194 150.2 47.9 171.5c-26.2 3.8-36.7 36.1-17.7 54.6l105.7 103-25 145.5c-4.5 26.3 23.2 46 46.4 33.7L288 439.6l130.7 68.7c23.2 12.2 50.9-7.4 46.4-33.7l-25-145.5 105.7-103c19-18.5 8.5-50.8-17.7-54.6L382 150.2 316.7 17.8c-11.7-23.6-45.6-23.9-57.4 0z&quot;&gt;&lt;\/path&gt;&lt;\/svg&gt;\" ><\/div>\n\n\t\t\t\t\t\t<\/div>\n\t\t\t\t\t\t\t\t<div class=\"elementor-field-type-text elementor-field-group elementor-column elementor-field-group-field_2373fa5 elementor-col-33\">\n\t\t\t\t\t\t\t\t\t\t\t\t<label for=\"form-field-field_2373fa5\" class=\"elementor-field-label elementor-screen-only\">\n\t\t\t\t\t\t\t\tNombre\t\t\t\t\t\t\t<\/label>\n\t\t\t\t\t\t\t\t\t\t\t\t\t\t<input size=\"1\" type=\"text\" name=\"form_fields[field_2373fa5]\" id=\"form-field-field_2373fa5\" class=\"elementor-field elementor-size-sm  elementor-field-textual\" placeholder=\"Nombre\">\n\t\t\t\t\t\t\t\t\t\t\t<\/div>\n\t\t\t\t\t\t\t\t<div class=\"elementor-field-type-text elementor-field-group elementor-column elementor-field-group-field_8559171 elementor-col-33\">\n\t\t\t\t\t\t\t\t\t\t\t\t<label for=\"form-field-field_8559171\" class=\"elementor-field-label elementor-screen-only\">\n\t\t\t\t\t\t\t\tLugar\t\t\t\t\t\t\t<\/label>\n\t\t\t\t\t\t\t\t\t\t\t\t\t\t<input size=\"1\" type=\"text\" name=\"form_fields[field_8559171]\" id=\"form-field-field_8559171\" class=\"elementor-field elementor-size-sm  elementor-field-textual\" placeholder=\"Lugar\">\n\t\t\t\t\t\t\t\t\t\t\t<\/div>\n\t\t\t\t\t\t\t\t<div class=\"elementor-field-type-email elementor-field-group elementor-column elementor-field-group-field_6e3bc38 elementor-col-33\">\n\t\t\t\t\t\t\t\t\t\t\t\t<label for=\"form-field-field_6e3bc38\" class=\"elementor-field-label elementor-screen-only\">\n\t\t\t\t\t\t\t\tEmail \t\t\t\t\t\t\t<\/label>\n\t\t\t\t\t\t\t\t\t\t\t\t\t\t<input size=\"1\" type=\"email\" name=\"form_fields[field_6e3bc38]\" id=\"form-field-field_6e3bc38\" class=\"elementor-field elementor-size-sm  elementor-field-textual\" placeholder=\"Email \">\n\t\t\t\t\t\t\t\t\t\t\t<\/div>\n\t\t\t\t\t\t\t\t<div class=\"elementor-field-type-step elementor-field-group elementor-column elementor-field-group-field_0c0f406 elementor-col-100\">\n\t\t\t\t\t\t\t<div class=\"e-field-step elementor-hidden\" data-label=\"Comentarios\" data-previousButton=\"\" data-nextButton=\"\" data-iconUrl=\"\" data-iconLibrary=\"fas fa-star\" data-icon=\"&lt;svg class=&quot;e-font-icon-svg e-fas-star&quot; viewBox=&quot;0 0 576 512&quot; xmlns=&quot;http:\/\/www.w3.org\/2000\/svg&quot;&gt;&lt;path d=&quot;M259.3 17.8L194 150.2 47.9 171.5c-26.2 3.8-36.7 36.1-17.7 54.6l105.7 103-25 145.5c-4.5 26.3 23.2 46 46.4 33.7L288 439.6l130.7 68.7c23.2 12.2 50.9-7.4 46.4-33.7l-25-145.5 105.7-103c19-18.5 8.5-50.8-17.7-54.6L382 150.2 316.7 17.8c-11.7-23.6-45.6-23.9-57.4 0z&quot;&gt;&lt;\/path&gt;&lt;\/svg&gt;\" ><\/div>\n\n\t\t\t\t\t\t<\/div>\n\t\t\t\t\t\t\t\t<div class=\"elementor-field-type-textarea elementor-field-group elementor-column elementor-field-group-field_45267d8 elementor-col-100 elementor-field-required\">\n\t\t\t\t\t\t\t\t\t\t\t\t<label for=\"form-field-field_45267d8\" class=\"elementor-field-label elementor-screen-only\">\n\t\t\t\t\t\t\t\tComentarios \t\t\t\t\t\t\t<\/label>\n\t\t\t\t\t\t<textarea class=\"elementor-field-textual elementor-field  elementor-size-sm\" name=\"form_fields[field_45267d8]\" id=\"form-field-field_45267d8\" rows=\"5\" placeholder=\"Por favor, proporciona tus comentarios para ayudarnos a realizar mejoras.\" required=\"required\"><\/textarea>\t\t\t\t<\/div>\n\t\t\t\t\t\t\t\t<div class=\"elementor-field-type-recaptcha_v3 elementor-field-group elementor-column elementor-field-group-field_731f674 elementor-col-100 recaptcha_v3-bottomright\">\n\t\t\t\t\t<div class=\"elementor-field\" id=\"form-field-field_731f674\"><div class=\"elementor-g-recaptcha\" data-sitekey=\"6LcZLT8pAAAAAFiZxq0J8Z5Vm2L4E6lQQ4oSaGY5\" data-type=\"v3\" data-action=\"Form\" data-badge=\"bottomright\" data-size=\"invisible\"><\/div><\/div>\t\t\t\t<\/div>\n\t\t\t\t\t\t\t\t<div class=\"elementor-field-group elementor-column elementor-field-type-submit elementor-col-100 e-form__buttons\">\n\t\t\t\t\t<button class=\"elementor-button elementor-size-sm\" type=\"submit\">\n\t\t\t\t\t\t<span class=\"elementor-button-content-wrapper\">\n\t\t\t\t\t\t\t\t\t\t\t\t\t\t\t\t\t\t\t\t\t\t<span class=\"elementor-button-text\">Enviar<\/span>\n\t\t\t\t\t\t\t\t\t\t\t\t\t<\/span>\n\t\t\t\t\t<\/button>\n\t\t\t\t<\/div>\n\t\t\t<\/div>\n\t\t<\/form>\n\t\t\t\t\t\t<\/div>\n\t\t\t\t<\/div>\n\t\t\t\t\t<\/div>\n\t\t<\/div>\n\t\t\t\t\t<\/div>\n\t\t<\/section>\n\t\t\t\t<\/div>\n\t\t","protected":false},"excerpt":{"rendered":"<p>Sugerencias An\u00f3nimas Plataforma de Feedback Confidencial Bienvenido a Sugerencias An\u00f3nimas, tu destino confiable para proporcionar retroalimentaci\u00f3n confidencial y an\u00f3nima. Completa el formulario Entendemos la importancia de crear un espacio seguro [&hellip;]<\/p>\n","protected":false},"author":2,"featured_media":0,"parent":0,"menu_order":0,"comment_status":"closed","ping_status":"closed","template":"","meta":{"content-type":"","footnotes":""},"class_list":["post-6419","page","type-page","status-publish","hentry"],"yoast_head":"<!-- This site is optimized with the Yoast SEO Premium plugin v26.9 (Yoast SEO v27.2) - https:\/\/yoast.com\/product\/yoast-seo-premium-wordpress\/ -->\n<title>Sugerencias An\u00f3nimas - Sequoia Connect<\/title>\n<meta name=\"robots\" content=\"index, nofollow, max-snippet:-1, max-image-preview:large, max-video-preview:-1\" \/>\n<link rel=\"canonical\" href=\"https:\/\/sequoia-connect.com\/es\/anonymous-suggestions\/\" \/>\n<meta property=\"og:locale\" content=\"es_ES\" \/>\n<meta property=\"og:type\" content=\"article\" \/>\n<meta property=\"og:title\" content=\"Sugerencias An\u00f3nimas\" \/>\n<meta property=\"og:description\" content=\"Sugerencias An\u00f3nimas Plataforma de Feedback Confidencial Bienvenido a Sugerencias An\u00f3nimas, tu destino confiable para proporcionar retroalimentaci\u00f3n confidencial y an\u00f3nima. Completa el formulario Entendemos la importancia de crear un espacio seguro [&hellip;]\" \/>\n<meta property=\"og:url\" content=\"https:\/\/sequoia-connect.com\/es\/anonymous-suggestions\/\" \/>\n<meta property=\"og:site_name\" content=\"Sequoia Connect\" \/>\n<meta property=\"article:publisher\" content=\"https:\/\/www.facebook.com\/SequoiaConnect\/\" \/>\n<meta property=\"article:modified_time\" content=\"2026-02-27T18:51:11+00:00\" \/>\n<meta property=\"og:image\" content=\"https:\/\/sequoia-connect.com\/wp-content\/uploads\/2024\/01\/Sequoia-Connect-sobre-Blanco-1200-x-675.png\" \/>\n\t<meta property=\"og:image:width\" content=\"1200\" \/>\n\t<meta property=\"og:image:height\" content=\"675\" \/>\n\t<meta property=\"og:image:type\" content=\"image\/png\" \/>\n<meta name=\"twitter:card\" content=\"summary_large_image\" \/>\n<meta name=\"twitter:site\" content=\"@SequoiaConnect\" \/>\n<script type=\"application\/ld+json\" class=\"yoast-schema-graph\">{\"@context\":\"https:\/\/schema.org\",\"@graph\":[{\"@type\":\"WebPage\",\"@id\":\"https:\/\/sequoia-connect.com\/es\/anonymous-suggestions\/\",\"url\":\"https:\/\/sequoia-connect.com\/es\/anonymous-suggestions\/\",\"name\":\"Sugerencias An\u00f3nimas - Sequoia Connect\",\"isPartOf\":{\"@id\":\"https:\/\/sequoia-connect.com\/es\/#website\"},\"datePublished\":\"2024-02-01T16:38:32+00:00\",\"dateModified\":\"2026-02-27T18:51:11+00:00\",\"breadcrumb\":{\"@id\":\"https:\/\/sequoia-connect.com\/es\/anonymous-suggestions\/#breadcrumb\"},\"inLanguage\":\"es\",\"potentialAction\":[{\"@type\":\"ReadAction\",\"target\":[\"https:\/\/sequoia-connect.com\/es\/anonymous-suggestions\/\"]}]},{\"@type\":\"BreadcrumbList\",\"@id\":\"https:\/\/sequoia-connect.com\/es\/anonymous-suggestions\/#breadcrumb\",\"itemListElement\":[{\"@type\":\"ListItem\",\"position\":1,\"name\":\"Home\",\"item\":\"https:\/\/sequoia-connect.com\/es\/home\/\"},{\"@type\":\"ListItem\",\"position\":2,\"name\":\"Sugerencias An\u00f3nimas\"}]},{\"@type\":\"WebSite\",\"@id\":\"https:\/\/sequoia-connect.com\/es\/#website\",\"url\":\"https:\/\/sequoia-connect.com\/es\/\",\"name\":\"Sequoia Connect\",\"description\":\"From Technologist to Technologist\",\"publisher\":{\"@id\":\"https:\/\/sequoia-connect.com\/es\/#organization\"},\"potentialAction\":[{\"@type\":\"SearchAction\",\"target\":{\"@type\":\"EntryPoint\",\"urlTemplate\":\"https:\/\/sequoia-connect.com\/es\/?s={search_term_string}\"},\"query-input\":{\"@type\":\"PropertyValueSpecification\",\"valueRequired\":true,\"valueName\":\"search_term_string\"}}],\"inLanguage\":\"es\"},{\"@type\":\"Organization\",\"@id\":\"https:\/\/sequoia-connect.com\/es\/#organization\",\"name\":\"Sequoia Connect\",\"alternateName\":\"Sequoia\",\"url\":\"https:\/\/sequoia-connect.com\/es\/\",\"logo\":{\"@type\":\"ImageObject\",\"inLanguage\":\"es\",\"@id\":\"https:\/\/sequoia-connect.com\/es\/#\/schema\/logo\/image\/\",\"url\":\"https:\/\/sequoia-connect.com\/wp-content\/uploads\/2024\/01\/Sequoia-Connect-sobre-Blanco-696-x-696-px.png\",\"contentUrl\":\"https:\/\/sequoia-connect.com\/wp-content\/uploads\/2024\/01\/Sequoia-Connect-sobre-Blanco-696-x-696-px.png\",\"width\":696,\"height\":696,\"caption\":\"Sequoia Connect\"},\"image\":{\"@id\":\"https:\/\/sequoia-connect.com\/es\/#\/schema\/logo\/image\/\"},\"sameAs\":[\"https:\/\/www.facebook.com\/SequoiaConnect\/\",\"https:\/\/x.com\/SequoiaConnect\",\"https:\/\/www.linkedin.com\/company\/sequoiaconnect\",\"https:\/\/www.instagram.com\/sequoiaconnect\/\",\"https:\/\/www.threads.net\/@sequoiaconnect\",\"https:\/\/www.tiktok.com\/@sequoia.connect?lang=en\",\"https:\/\/www.youtube.com\/@sequoiaconnect\"],\"description\":\"Sequoia Connect is passionate about delivering innovative IT solutions to drive business growth. With a dedicated team of experts, we provide tailored services and cutting-edge technologies to empower our clients and help them achieve their goals. We are committed to excellence, collaboration, and delivering exceptional results. Join us on this journey of transforming businesses and shaping the future of technology.\",\"email\":\"contactus@sequoiaconnect.com\",\"telephone\":\"+1 (512) 646-0068\",\"legalName\":\"SEQUOIA CONNECT\",\"foundingDate\":\"2017-02-09\",\"vatID\":\"35-2811324\",\"taxID\":\"SCM17021718A\",\"numberOfEmployees\":{\"@type\":\"QuantitativeValue\",\"minValue\":\"11\",\"maxValue\":\"50\"}}]}<\/script>\n<!-- \/ Yoast SEO Premium plugin. -->","yoast_head_json":{"title":"Sugerencias An\u00f3nimas - Sequoia Connect","robots":{"index":"index","follow":"nofollow","max-snippet":"max-snippet:-1","max-image-preview":"max-image-preview:large","max-video-preview":"max-video-preview:-1"},"canonical":"https:\/\/sequoia-connect.com\/es\/anonymous-suggestions\/","og_locale":"es_ES","og_type":"article","og_title":"Sugerencias An\u00f3nimas","og_description":"Sugerencias An\u00f3nimas Plataforma de Feedback Confidencial Bienvenido a Sugerencias An\u00f3nimas, tu destino confiable para proporcionar retroalimentaci\u00f3n confidencial y an\u00f3nima. Completa el formulario Entendemos la importancia de crear un espacio seguro [&hellip;]","og_url":"https:\/\/sequoia-connect.com\/es\/anonymous-suggestions\/","og_site_name":"Sequoia Connect","article_publisher":"https:\/\/www.facebook.com\/SequoiaConnect\/","article_modified_time":"2026-02-27T18:51:11+00:00","og_image":[{"width":1200,"height":675,"url":"https:\/\/sequoia-connect.com\/wp-content\/uploads\/2024\/01\/Sequoia-Connect-sobre-Blanco-1200-x-675.png","type":"image\/png"}],"twitter_card":"summary_large_image","twitter_site":"@SequoiaConnect","schema":{"@context":"https:\/\/schema.org","@graph":[{"@type":"WebPage","@id":"https:\/\/sequoia-connect.com\/es\/anonymous-suggestions\/","url":"https:\/\/sequoia-connect.com\/es\/anonymous-suggestions\/","name":"Sugerencias An\u00f3nimas - Sequoia Connect","isPartOf":{"@id":"https:\/\/sequoia-connect.com\/es\/#website"},"datePublished":"2024-02-01T16:38:32+00:00","dateModified":"2026-02-27T18:51:11+00:00","breadcrumb":{"@id":"https:\/\/sequoia-connect.com\/es\/anonymous-suggestions\/#breadcrumb"},"inLanguage":"es","potentialAction":[{"@type":"ReadAction","target":["https:\/\/sequoia-connect.com\/es\/anonymous-suggestions\/"]}]},{"@type":"BreadcrumbList","@id":"https:\/\/sequoia-connect.com\/es\/anonymous-suggestions\/#breadcrumb","itemListElement":[{"@type":"ListItem","position":1,"name":"Home","item":"https:\/\/sequoia-connect.com\/es\/home\/"},{"@type":"ListItem","position":2,"name":"Sugerencias An\u00f3nimas"}]},{"@type":"WebSite","@id":"https:\/\/sequoia-connect.com\/es\/#website","url":"https:\/\/sequoia-connect.com\/es\/","name":"Sequoia Connect","description":"From Technologist to Technologist","publisher":{"@id":"https:\/\/sequoia-connect.com\/es\/#organization"},"potentialAction":[{"@type":"SearchAction","target":{"@type":"EntryPoint","urlTemplate":"https:\/\/sequoia-connect.com\/es\/?s={search_term_string}"},"query-input":{"@type":"PropertyValueSpecification","valueRequired":true,"valueName":"search_term_string"}}],"inLanguage":"es"},{"@type":"Organization","@id":"https:\/\/sequoia-connect.com\/es\/#organization","name":"Sequoia Connect","alternateName":"Sequoia","url":"https:\/\/sequoia-connect.com\/es\/","logo":{"@type":"ImageObject","inLanguage":"es","@id":"https:\/\/sequoia-connect.com\/es\/#\/schema\/logo\/image\/","url":"https:\/\/sequoia-connect.com\/wp-content\/uploads\/2024\/01\/Sequoia-Connect-sobre-Blanco-696-x-696-px.png","contentUrl":"https:\/\/sequoia-connect.com\/wp-content\/uploads\/2024\/01\/Sequoia-Connect-sobre-Blanco-696-x-696-px.png","width":696,"height":696,"caption":"Sequoia Connect"},"image":{"@id":"https:\/\/sequoia-connect.com\/es\/#\/schema\/logo\/image\/"},"sameAs":["https:\/\/www.facebook.com\/SequoiaConnect\/","https:\/\/x.com\/SequoiaConnect","https:\/\/www.linkedin.com\/company\/sequoiaconnect","https:\/\/www.instagram.com\/sequoiaconnect\/","https:\/\/www.threads.net\/@sequoiaconnect","https:\/\/www.tiktok.com\/@sequoia.connect?lang=en","https:\/\/www.youtube.com\/@sequoiaconnect"],"description":"Sequoia Connect is passionate about delivering innovative IT solutions to drive business growth. With a dedicated team of experts, we provide tailored services and cutting-edge technologies to empower our clients and help them achieve their goals. We are committed to excellence, collaboration, and delivering exceptional results. Join us on this journey of transforming businesses and shaping the future of technology.","email":"contactus@sequoiaconnect.com","telephone":"+1 (512) 646-0068","legalName":"SEQUOIA CONNECT","foundingDate":"2017-02-09","vatID":"35-2811324","taxID":"SCM17021718A","numberOfEmployees":{"@type":"QuantitativeValue","minValue":"11","maxValue":"50"}}]}},"_links":{"self":[{"href":"https:\/\/sequoia-connect.com\/es\/wp-json\/wp\/v2\/pages\/6419","targetHints":{"allow":["GET"]}}],"collection":[{"href":"https:\/\/sequoia-connect.com\/es\/wp-json\/wp\/v2\/pages"}],"about":[{"href":"https:\/\/sequoia-connect.com\/es\/wp-json\/wp\/v2\/types\/page"}],"author":[{"embeddable":true,"href":"https:\/\/sequoia-connect.com\/es\/wp-json\/wp\/v2\/users\/2"}],"replies":[{"embeddable":true,"href":"https:\/\/sequoia-connect.com\/es\/wp-json\/wp\/v2\/comments?post=6419"}],"version-history":[{"count":5,"href":"https:\/\/sequoia-connect.com\/es\/wp-json\/wp\/v2\/pages\/6419\/revisions"}],"predecessor-version":[{"id":12406,"href":"https:\/\/sequoia-connect.com\/es\/wp-json\/wp\/v2\/pages\/6419\/revisions\/12406"}],"wp:attachment":[{"href":"https:\/\/sequoia-connect.com\/es\/wp-json\/wp\/v2\/media?parent=6419"}],"curies":[{"name":"wp","href":"https:\/\/api.w.org\/{rel}","templated":true}]}}